
{"id":2760,"date":"2019-12-26T16:39:34","date_gmt":"2019-12-26T15:39:34","guid":{"rendered":"http:\/\/www.ff-kirchberg-am-wechsel.at\/wordpress\/?page_id=2760"},"modified":"2019-12-26T16:53:57","modified_gmt":"2019-12-26T15:53:57","slug":"ein-jahr-mit-der-fj","status":"publish","type":"page","link":"https:\/\/www.ff-kirchberg-am-wechsel.at\/wordpress\/?page_id=2760","title":{"rendered":"Ein Jahr mit der FJ"},"content":{"rendered":"\t\t<div data-elementor-type=\"wp-page\" data-elementor-id=\"2760\" class=\"elementor elementor-2760\">\n\t\t\t\t\t\t<section class=\"elementor-section elementor-top-section elementor-element elementor-element-8709abc elementor-section-boxed elementor-section-height-default elementor-section-height-default\" data-id=\"8709abc\" data-element_type=\"section\">\n\t\t\t\t\t\t<div class=\"elementor-container elementor-column-gap-default\">\n\t\t\t\t\t<div class=\"elementor-column elementor-col-100 elementor-top-column elementor-element elementor-element-a4c8977\" data-id=\"a4c8977\" data-element_type=\"column\">\n\t\t\t<div class=\"elementor-widget-wrap elementor-element-populated\">\n\t\t\t\t\t\t<div class=\"elementor-element elementor-element-14bbd03 elementor-widget elementor-widget-text-editor\" data-id=\"14bbd03\" data-element_type=\"widget\" data-widget_type=\"text-editor.default\">\n\t\t\t\t<div class=\"elementor-widget-container\">\n\t\t\t\t\t\t\t<h3>Herbst<\/h3><p><span style=\"font-family: Rubik;\">\u00dcblicherweise startet das Jahr f\u00fcr die Feuerwehrjugend mit dem Schulbeginn im September. Die erste Jugendstunde nach der Sommerpause beginnt mit einer spannenden Einsatz\u00fcbung, wo zum Beispiel ein Brand bek\u00e4mpft oder eine Person aus einem Auto gerettet werden muss.<\/span><\/p><p><span style=\"font-family: Rubik;\">Im Herbst geht es weiter mit dem j\u00e4hrlichen Fertigkeitsabzeichen. Dieses machen wir gemeinsam mit den Feuerwehren aus dem Abschnitt Aspang. Bei diesem Abzeichen wird j\u00e4hrlich ein anderes Thema behandelt. Die Jugendlichen k\u00f6nnen dabei ihr erlerntes Wissen unter Beweis stellen.<\/span><\/p><p><span style=\"font-family: Rubik;\">Danach folgend einige gem\u00fctliche Stunden im Feuerwehrhaus, bevor es vor Weihnachten mit der Erprobung weitergeht. Dabei lernen die Jugendlichen die eigene Feuerwehr, samt dem Kommando, Fahrzeugen und Einsatzger\u00e4te kennen.<\/span><\/p><p><span style=\"font-family: Rubik;\"><img fetchpriority=\"high\" class=\"alignnone size-medium wp-image-2533\" src=\"http:\/\/www.ff-kirchberg-am-wechsel.at\/wordpress\/wp-content\/uploads\/2019\/11\/FJ-Feuerloescheruebung_9648-300x200.jpg\" alt=\"FJ-Feuerloescheruebung_2019\" width=\"300\" height=\"200\" srcset=\"https:\/\/www.ff-kirchberg-am-wechsel.at\/wordpress\/wp-content\/uploads\/2019\/11\/FJ-Feuerloescheruebung_9648-300x200.jpg 300w, https:\/\/www.ff-kirchberg-am-wechsel.at\/wordpress\/wp-content\/uploads\/2019\/11\/FJ-Feuerloescheruebung_9648-768x512.jpg 768w, https:\/\/www.ff-kirchberg-am-wechsel.at\/wordpress\/wp-content\/uploads\/2019\/11\/FJ-Feuerloescheruebung_9648.jpg 1024w, https:\/\/www.ff-kirchberg-am-wechsel.at\/wordpress\/wp-content\/uploads\/2019\/11\/FJ-Feuerloescheruebung_9648-945x630.jpg 945w, https:\/\/www.ff-kirchberg-am-wechsel.at\/wordpress\/wp-content\/uploads\/2019\/11\/FJ-Feuerloescheruebung_9648-600x400.jpg 600w\" sizes=\"(max-width: 300px) 100vw, 300px\" \/><\/span><\/p><h3>Winter<\/h3><p><span style=\"font-family: Rubik;\">Zum Start ins neue Jahr veranstalten wir eine \u00dcbernachtung im Feuerwehrhaus, wo wir uns an einem Freitagnachmittag treffen, um einen Ausflug zu machen. Den Abend verbringen wir dann im Feuerwehrhaus mit verschiedenen Aktivit\u00e4ten und einem gem\u00fctlichen Abendessen.<\/span><\/p><p><span style=\"font-family: Rubik;\">Mitte J\u00e4nner starten dann die Vorbereitungen f\u00fcr den Wissenstest im April. Dieser Test umfasst einen Gro\u00dfteil der feuerwehrfachlichen Themen, sowohl in der Theorie, als auch bei praktischen Anwendungen. Diese Ausbildung machen wir gemeinsam mit den Feuerwehren Otterthal, Raach und Trattenbach.<\/span><\/p><p><img class=\"alignnone size-medium wp-image-2715\" src=\"http:\/\/www.ff-kirchberg-am-wechsel.at\/wordpress\/wp-content\/uploads\/2019\/12\/Erprobung-FJ_2019-12-16_09-300x200.jpg\" alt=\"Erprobung FJ 2019\" width=\"300\" height=\"200\" srcset=\"https:\/\/www.ff-kirchberg-am-wechsel.at\/wordpress\/wp-content\/uploads\/2019\/12\/Erprobung-FJ_2019-12-16_09-300x200.jpg 300w, https:\/\/www.ff-kirchberg-am-wechsel.at\/wordpress\/wp-content\/uploads\/2019\/12\/Erprobung-FJ_2019-12-16_09-768x512.jpg 768w, https:\/\/www.ff-kirchberg-am-wechsel.at\/wordpress\/wp-content\/uploads\/2019\/12\/Erprobung-FJ_2019-12-16_09.jpg 1024w, https:\/\/www.ff-kirchberg-am-wechsel.at\/wordpress\/wp-content\/uploads\/2019\/12\/Erprobung-FJ_2019-12-16_09-945x630.jpg 945w, https:\/\/www.ff-kirchberg-am-wechsel.at\/wordpress\/wp-content\/uploads\/2019\/12\/Erprobung-FJ_2019-12-16_09-600x400.jpg 600w\" sizes=\"(max-width: 300px) 100vw, 300px\" \/><\/p><h3>Fr\u00fchling<\/h3><p><span style=\"font-family: Rubik;\">Nach dem Wissenstest beginnen auch schon die \u00dcbungen f\u00fcr die Leistungsbewerbe im Juni. Bei den Bewerben lernen die Feuerwehrjugendmitglieder die Zusammenarbeit und das gemeinsame Gewinnen und Verlieren in einer Gruppe. Bei den Abschnitts- und Bezirksbewerben k\u00f6nnen noch einzelne Handgriffe gefestigt werden, bevor es Anfang Juli bei den Landesbewerben um die hei\u00df begehrten Abzeichen geht.<\/span><\/p><h3><img class=\"alignnone size-medium wp-image-2099\" src=\"http:\/\/www.ff-kirchberg-am-wechsel.at\/wordpress\/wp-content\/uploads\/2019\/09\/05_IMG-20190713-WA0001-300x224.jpg\" alt=\"Landestreffen der N\u00d6 Feuerwehrjugend 2019\" width=\"300\" height=\"224\" srcset=\"https:\/\/www.ff-kirchberg-am-wechsel.at\/wordpress\/wp-content\/uploads\/2019\/09\/05_IMG-20190713-WA0001-300x224.jpg 300w, https:\/\/www.ff-kirchberg-am-wechsel.at\/wordpress\/wp-content\/uploads\/2019\/09\/05_IMG-20190713-WA0001-768x575.jpg 768w, https:\/\/www.ff-kirchberg-am-wechsel.at\/wordpress\/wp-content\/uploads\/2019\/09\/05_IMG-20190713-WA0001.jpg 1024w, https:\/\/www.ff-kirchberg-am-wechsel.at\/wordpress\/wp-content\/uploads\/2019\/09\/05_IMG-20190713-WA0001-945x707.jpg 945w, https:\/\/www.ff-kirchberg-am-wechsel.at\/wordpress\/wp-content\/uploads\/2019\/09\/05_IMG-20190713-WA0001-600x449.jpg 600w\" sizes=\"(max-width: 300px) 100vw, 300px\" \/><\/h3><p>\u00a0<\/p><h3>Sommer<\/h3><p><span style=\"font-family: Rubik;\">Die Landesbewerbe sind das Highlight der Saison. Dazu trifft sich die gesamte Feuerwehrjugend von Nieder\u00f6sterreich, um gemeinsam vier ereignisreiche Tage am Landeslager zu verbringen.<\/span><\/p><p><span style=\"font-family: Rubik;\">Nach dem immer wieder legend\u00e4ren Landestreffen gehen wir dann in die wohlverdiente Sommerpause.<\/span><\/p><p><img loading=\"lazy\" class=\"alignnone size-medium wp-image-2101\" src=\"http:\/\/www.ff-kirchberg-am-wechsel.at\/wordpress\/wp-content\/uploads\/2019\/09\/07_IMG-20190715-WA0005-300x221.jpg\" alt=\"Landestreffen der N\u00d6 Feuerwehrjugend 2019\" width=\"300\" height=\"221\" srcset=\"https:\/\/www.ff-kirchberg-am-wechsel.at\/wordpress\/wp-content\/uploads\/2019\/09\/07_IMG-20190715-WA0005-300x221.jpg 300w, https:\/\/www.ff-kirchberg-am-wechsel.at\/wordpress\/wp-content\/uploads\/2019\/09\/07_IMG-20190715-WA0005-768x565.jpg 768w, https:\/\/www.ff-kirchberg-am-wechsel.at\/wordpress\/wp-content\/uploads\/2019\/09\/07_IMG-20190715-WA0005.jpg 1024w, https:\/\/www.ff-kirchberg-am-wechsel.at\/wordpress\/wp-content\/uploads\/2019\/09\/07_IMG-20190715-WA0005-945x695.jpg 945w, https:\/\/www.ff-kirchberg-am-wechsel.at\/wordpress\/wp-content\/uploads\/2019\/09\/07_IMG-20190715-WA0005-600x441.jpg 600w\" sizes=\"(max-width: 300px) 100vw, 300px\" \/><\/p>\t\t\t\t\t\t<\/div>\n\t\t\t\t<\/div>\n\t\t\t\t\t<\/div>\n\t\t<\/div>\n\t\t\t\t\t<\/div>\n\t\t<\/section>\n\t\t\t\t<\/div>\n\t\t","protected":false},"excerpt":{"rendered":"<p>Herbst \u00dcblicherweise startet das Jahr f\u00fcr die Feuerwehrjugend mit dem Schulbeginn im September. Die erste Jugendstunde nach der Sommerpause beginnt mit einer spannenden Einsatz\u00fcbung, wo zum Beispiel ein Brand bek\u00e4mpft oder eine Person aus einem Auto gerettet werden muss. Im&#8230; <a class=\"more-link\" href=\"https:\/\/www.ff-kirchberg-am-wechsel.at\/wordpress\/?page_id=2760\">Weiterlesen &rarr;<\/a><\/p>\n","protected":false},"author":5,"featured_media":0,"parent":0,"menu_order":0,"comment_status":"closed","ping_status":"closed","template":"","meta":[],"_links":{"self":[{"href":"https:\/\/www.ff-kirchberg-am-wechsel.at\/wordpress\/index.php?rest_route=\/wp\/v2\/pages\/2760"}],"collection":[{"href":"https:\/\/www.ff-kirchberg-am-wechsel.at\/wordpress\/index.php?rest_route=\/wp\/v2\/pages"}],"about":[{"href":"https:\/\/www.ff-kirchberg-am-wechsel.at\/wordpress\/index.php?rest_route=\/wp\/v2\/types\/page"}],"author":[{"embeddable":true,"href":"https:\/\/www.ff-kirchberg-am-wechsel.at\/wordpress\/index.php?rest_route=\/wp\/v2\/users\/5"}],"replies":[{"embeddable":true,"href":"https:\/\/www.ff-kirchberg-am-wechsel.at\/wordpress\/index.php?rest_route=%2Fwp%2Fv2%2Fcomments&post=2760"}],"version-history":[{"count":3,"href":"https:\/\/www.ff-kirchberg-am-wechsel.at\/wordpress\/index.php?rest_route=\/wp\/v2\/pages\/2760\/revisions"}],"predecessor-version":[{"id":2764,"href":"https:\/\/www.ff-kirchberg-am-wechsel.at\/wordpress\/index.php?rest_route=\/wp\/v2\/pages\/2760\/revisions\/2764"}],"wp:attachment":[{"href":"https:\/\/www.ff-kirchberg-am-wechsel.at\/wordpress\/index.php?rest_route=%2Fwp%2Fv2%2Fmedia&parent=2760"}],"curies":[{"name":"wp","href":"https:\/\/api.w.org\/{rel}","templated":true}]}}