
{"id":1077,"date":"2019-07-28T18:06:38","date_gmt":"2019-07-28T16:06:38","guid":{"rendered":"http:\/\/www.ff-kirchberg-am-wechsel.at\/wordpress\/?page_id=1077"},"modified":"2019-09-30T21:25:48","modified_gmt":"2019-09-30T19:25:48","slug":"einsatzgebiet","status":"publish","type":"page","link":"https:\/\/www.ff-kirchberg-am-wechsel.at\/wordpress\/?page_id=1077","title":{"rendered":"Einsatzgebiet"},"content":{"rendered":"\t\t<div data-elementor-type=\"wp-post\" data-elementor-id=\"1077\" class=\"elementor elementor-1077\">\n\t\t\t\t\t\t<section class=\"elementor-section elementor-top-section elementor-element elementor-element-470dd290 elementor-section-boxed elementor-section-height-default elementor-section-height-default\" data-id=\"470dd290\" data-element_type=\"section\">\n\t\t\t\t\t\t<div class=\"elementor-container elementor-column-gap-default\">\n\t\t\t\t\t<div class=\"elementor-column elementor-col-100 elementor-top-column elementor-element elementor-element-1da50e14\" data-id=\"1da50e14\" data-element_type=\"column\">\n\t\t\t<div class=\"elementor-widget-wrap elementor-element-populated\">\n\t\t\t\t\t\t<div class=\"elementor-element elementor-element-5e3b3457 elementor-widget elementor-widget-text-editor\" data-id=\"5e3b3457\" data-element_type=\"widget\" data-widget_type=\"text-editor.default\">\n\t\t\t\t<div class=\"elementor-widget-container\">\n\t\t\t\n\n\t\t\t\t<p><!-- wp:paragraph --><\/p>\n<link rel='stylesheet' id='osm-ol3-css-css'  href='https:\/\/www.ff-kirchberg-am-wechsel.at\/wordpress\/wp-content\/plugins\/osm\/js\/OL\/10.9.0\/ol.css?ver=6.0.11' type='text\/css' media='all' \/>\n<link rel='stylesheet' id='osm-ol3-ext-css-css'  href='https:\/\/www.ff-kirchberg-am-wechsel.at\/wordpress\/wp-content\/plugins\/osm\/css\/osm_map_v3.css?ver=6.0.11' type='text\/css' media='all' \/>\n<link rel='stylesheet' id='osm-map-css-css'  href='https:\/\/www.ff-kirchberg-am-wechsel.at\/wordpress\/wp-content\/plugins\/osm\/css\/osm_map.css?ver=6.0.11' type='text\/css' media='all' \/>\n<script type='text\/javascript' src='https:\/\/www.ff-kirchberg-am-wechsel.at\/wordpress\/wp-includes\/js\/dist\/vendor\/regenerator-runtime.min.js?ver=0.13.9' id='regenerator-runtime-js'><\/script>\n<script type='text\/javascript' src='https:\/\/www.ff-kirchberg-am-wechsel.at\/wordpress\/wp-includes\/js\/dist\/vendor\/wp-polyfill.min.js?ver=3.15.0' id='wp-polyfill-js'><\/script>\n<script type='text\/javascript' src='https:\/\/www.ff-kirchberg-am-wechsel.at\/wordpress\/wp-content\/plugins\/osm\/js\/OL\/10.9.0\/ol.js?ver=10.9.0' id='osm-ol3-library-js'><\/script>\n<script type='text\/javascript' src='https:\/\/www.ff-kirchberg-am-wechsel.at\/wordpress\/wp-content\/plugins\/osm\/js\/osm-v3-plugin-lib.js?ver=1.0.0' id='osm-ol3-ext-library-js'><\/script>\n<script type='text\/javascript' src='https:\/\/www.ff-kirchberg-am-wechsel.at\/wordpress\/wp-content\/plugins\/osm\/js\/osm-metabox-events.js?ver=1.0.0' id='osm-ol3-metabox-events-js'><\/script>\n<script type='text\/javascript' src='https:\/\/www.ff-kirchberg-am-wechsel.at\/wordpress\/wp-includes\/js\/jquery\/jquery.min.js?ver=3.6.0' id='jquery-core-js'><\/script>\n<script type='text\/javascript' src='https:\/\/www.ff-kirchberg-am-wechsel.at\/wordpress\/wp-includes\/js\/jquery\/jquery-migrate.min.js?ver=3.3.2' id='jquery-migrate-js'><\/script>\n<script type='text\/javascript' id='osm-map-startup-js-extra'>\n\/* <![CDATA[ *\/\nvar translations = {\"openlayer\":\"open layer\",\"openlayerAtStartup\":\"open layer at startup\",\"generateLink\":\"link to this map with opened layers\",\"shortDescription\":\"short description\",\"generatedShortCode\":\"to get a text control link paste this code in your wordpress editor\",\"closeLayer\":\"close layer\",\"cantGenerateLink\":\"put this string in the existing map short code to control this map\"};\n\/* ]]> *\/\n<\/script>\n<script type='text\/javascript' src='https:\/\/www.ff-kirchberg-am-wechsel.at\/wordpress\/wp-content\/plugins\/osm\/js\/osm-startup-lib.js?ver=V6.2.5' id='osm-map-startup-js'><\/script>\n\n        <div id=\"map_ol3js_1\"\n       class=\"osm-map-container undefined\"\n             data-map_name=\"undefined\"\n             data-map=\"map_ol3js_1\"\n             data-autoshow=\"no\"\n             style=\"width:95%;\n                    max-width:100%;\n                    height:450px;\n                    display:block;\n                    overflow:hidden;\n                    border:thin solid;\n                    position: relative;\">\n          <div id=\"map_ol3js_1_popup\" class=\"ol-popup\">\n            <a href=\"#\" id=\"map_ol3js_1_popup-closer\" class=\"ol-popup-closer\"><\/a>\n            <div id=\"map_ol3js_1_popup-content\"><\/div>\n          <\/div>\n        <\/div>\n    <script type=\"text\/javascript\">\n\t\t\t  vectorM['map_ol3js_1'] = [];\n\t        \n        var raster = getTileLayer(\"\",\"NoKey\");\t\t\t\n\n\t\t\t  var map_ol3js_1 = new ol.Map({\n\t\t\t\tinteractions: ol.interaction.defaults.defaults({mouseWheelZoom:false}),\n\t\t\t\tlayers: [raster],\n\t\t\t\ttarget: \"map_ol3js_1\",\n\t\t\t\tview: new ol.View({\n\t\t\t\t  center: ol.proj.transform([15.9917,47.6090], \"EPSG:4326\", \"EPSG:3857\"),\n\t\t\t\t  zoom: 12\n\t\t\t\t})\n\t\t\t  });\n\t\t\t  osm_addMarkerLayer(map_ol3js_1,15.9917,47.609,\"https:\/\/www.ff-kirchberg-am-wechsel.at\/wordpress\/wp-content\/plugins\/osm\/icons\/mic_red_pinother_02.png\",-16,-41,\"<p><\/p>\") ; \naddControls2Map(map_ol3js_1,0,0,3,0,5,6,7,0,1);\nosm_addPopupClickhandler(map_ol3js_1,  \"map_ol3js_1\"); \nosm_addMouseHover(map_ol3js_1); <\/script>\n<p><!-- \/wp:paragraph --><\/p>\n<p><!-- wp:paragraph --><\/p>\n<p><!-- \/wp:paragraph --><\/p>\t\t\t\t\t\t<\/div>\n\t\t\t\t<\/div>\n\t\t\t\t<div class=\"elementor-element elementor-element-c0c120e elementor-widget elementor-widget-spacer\" data-id=\"c0c120e\" data-element_type=\"widget\" data-widget_type=\"spacer.default\">\n\t\t\t\t<div class=\"elementor-widget-container\">\n\t\t\t\t\t<div class=\"elementor-spacer\">\n\t\t\t<div class=\"elementor-spacer-inner\"><\/div>\n\t\t<\/div>\n\t\t\t\t<\/div>\n\t\t\t\t<\/div>\n\t\t\t\t<div class=\"elementor-element elementor-element-4dd45d6 elementor-widget elementor-widget-text-editor\" data-id=\"4dd45d6\" data-element_type=\"widget\" data-widget_type=\"text-editor.default\">\n\t\t\t\t<div class=\"elementor-widget-container\">\n\t\t\t\t\t\t\t<p>Das Einsatzgebiet der FF Kirchberg am Wechsel deckt sich mit dem Gemeindegebiet der Marktgemeinde Kirchberg. Anders als in einigen anderen Gemeinden, hat die Gemeinde Kirchberg nur eine Freiwillige Feuerwehr. Deshalb ist die FF Kirchberg f\u00fcr das gesamte Gemeindegebiet zust\u00e4ndig (die Stadtgemeinde Ternitz hat im Vergleich dazu 10 Freiwillige und eine Betriebsfeuerwehr).<\/p>\n<p>Zur Unterst\u00fctzung der benachbarten Feuerwehren kann die FF Kirchberg gem\u00e4\u00df den geltenden Alarmpl\u00e4nen in andere Einsatzgebiete gerufen werden. Umgekehrt k\u00f6nnen auch die Nachbarfeuerwehren in Kirchberg zur Unterst\u00fctzung geholt werden.<\/p>\t\t\t\t\t\t<\/div>\n\t\t\t\t<\/div>\n\t\t\t\t<div class=\"elementor-element elementor-element-e1b29b4 elementor-widget elementor-widget-spacer\" data-id=\"e1b29b4\" data-element_type=\"widget\" data-widget_type=\"spacer.default\">\n\t\t\t\t<div class=\"elementor-widget-container\">\n\t\t\t\t\t<div class=\"elementor-spacer\">\n\t\t\t<div class=\"elementor-spacer-inner\"><\/div>\n\t\t<\/div>\n\t\t\t\t<\/div>\n\t\t\t\t<\/div>\n\t\t\t\t\t<\/div>\n\t\t<\/div>\n\t\t\t\t\t<\/div>\n\t\t<\/section>\n\t\t\t\t<section class=\"elementor-section elementor-top-section elementor-element elementor-element-9594cfd elementor-section-boxed elementor-section-height-default elementor-section-height-default\" data-id=\"9594cfd\" data-element_type=\"section\">\n\t\t\t\t\t\t<div class=\"elementor-container elementor-column-gap-default\">\n\t\t\t\t\t<div class=\"elementor-column elementor-col-100 elementor-top-column elementor-element elementor-element-c7a4749\" data-id=\"c7a4749\" data-element_type=\"column\">\n\t\t\t<div class=\"elementor-widget-wrap elementor-element-populated\">\n\t\t\t\t\t\t<div class=\"elementor-element elementor-element-c487476 elementor-widget elementor-widget-accordion\" data-id=\"c487476\" data-element_type=\"widget\" data-widget_type=\"accordion.default\">\n\t\t\t\t<div class=\"elementor-widget-container\">\n\t\t\t\t\t<div class=\"elementor-accordion\">\n\t\t\t\t\t\t\t<div class=\"elementor-accordion-item\">\n\t\t\t\t\t<div id=\"elementor-tab-title-2061\" class=\"elementor-tab-title\" data-tab=\"1\" role=\"button\" aria-controls=\"elementor-tab-content-2061\" aria-expanded=\"false\">\n\t\t\t\t\t\t\t\t\t\t\t\t\t<span class=\"elementor-accordion-icon elementor-accordion-icon-left\" aria-hidden=\"true\">\n\t\t\t\t\t\t\t\t\t\t\t\t\t\t\t<span class=\"elementor-accordion-icon-closed\"><i class=\"fas fa-angle-right\"><\/i><\/span>\n\t\t\t\t\t\t\t\t<span class=\"elementor-accordion-icon-opened\"><i class=\"fas fa-angle-up\"><\/i><\/span>\n\t\t\t\t\t\t\t\t\t\t\t\t\t\t<\/span>\n\t\t\t\t\t\t\t\t\t\t\t\t<a class=\"elementor-accordion-title\" tabindex=\"0\">Ausdehnung des Gemeindegebiets<\/a>\n\t\t\t\t\t<\/div>\n\t\t\t\t\t<div id=\"elementor-tab-content-2061\" class=\"elementor-tab-content elementor-clearfix\" data-tab=\"1\" role=\"region\" aria-labelledby=\"elementor-tab-title-2061\"><p><span style=\"font-family: Rubik; color: #b33534; font-size: 12pt;\">Katastralgemeinde Kirchberg:<\/span><br \/><br \/><span style=\"font-family: Rubik; font-size: 12pt;\">Markt, Am Stein, Sellhof, Au (bis Kandlgraben und Katzgraben), Tratten, Ramergraben, Bethlehem, Am Anger, Molz, Wieden, Ramssiedlung, Wiesen, St. Wolfgang-Siedlung, Ebenfeld, Sachsenbrunn, HR Schneider-Siedlung, Am Weyer, Kalvarienberg<\/span><br \/><br \/><span style=\"font-family: Rubik; color: #b33534; font-size: 12pt;\">Katastralgemeinde Molzegg: <\/span><br \/><br \/><span style=\"font-family: Rubik; font-size: 12pt;\">G\u00fcterweg Richtung Steyersberger Schwaig, vor den 3 H\u00e4usern rechts der Stra\u00dfe, nach den 3 H\u00e4usern beiderseits der Stra\u00dfe. Steyersberger Schwaig, Arabichl bis Kampsteiner Schwaig. G\u00fcterweg Molzegg, Am Anger \u00fcber Forstamt und Kreuzbauern bis Kuttergraben.<\/span><br \/><br \/><span style=\"font-family: Rubik; color: #b33534; font-size: 12pt;\">Katastralgemeinde Kranichberg: <\/span><br \/><br \/><span style=\"font-family: Rubik; font-size: 12pt;\">Rams, Kranichberg (Stra\u00dfe bis Syhrn), Friedersdorf (bis Ortstafel Richtung Sch\u00f6nstadl), Pyhra, Pucha, Kiengraben, Goldberg, Greuth, Kreithberg, Eselberg (bis Wiedenhof), Baumthal, Oberbaumthal, Kirchgraben<\/span><br \/><br \/><span style=\"font-family: Rubik; color: #b33534; font-size: 12pt;\">Katastralgemeinde Ofenbach: <\/span><br \/><br \/><span style=\"font-family: Rubik; font-size: 12pt;\">Hermannsh\u00f6hle-Eigenberg-Eulenberg, Hauptstra\u00dfe (Reihenh\u00e4user bis Tankstelle), Ofenbach, Obere Wieden<\/span><br \/><br \/><span style=\"font-family: Rubik; color: #b33534; font-size: 12pt;\">Katastralgemeinde Alpeltal: <\/span><br \/><br \/><span style=\"font-family: Rubik; font-size: 12pt;\">Alpeltal (\u00f6stlich vom Bach), Obere Wieden<\/span><br \/><br \/><span style=\"font-family: Rubik; color: #b33534; font-size: 12pt;\">Katastralgemeinde Lehen: <\/span><br \/><br \/><span style=\"font-family: Rubik; font-size: 12pt;\">Alpeltal (westlich vom Bach), Lehen, Steinbach, Hammerhofsiedlung, Nebelsbach<\/span><\/p><\/div>\n\t\t\t\t<\/div>\n\t\t\t\t\t\t\t<div class=\"elementor-accordion-item\">\n\t\t\t\t\t<div id=\"elementor-tab-title-2062\" class=\"elementor-tab-title\" data-tab=\"2\" role=\"button\" aria-controls=\"elementor-tab-content-2062\" aria-expanded=\"false\">\n\t\t\t\t\t\t\t\t\t\t\t\t\t<span class=\"elementor-accordion-icon elementor-accordion-icon-left\" aria-hidden=\"true\">\n\t\t\t\t\t\t\t\t\t\t\t\t\t\t\t<span class=\"elementor-accordion-icon-closed\"><i class=\"fas fa-angle-right\"><\/i><\/span>\n\t\t\t\t\t\t\t\t<span class=\"elementor-accordion-icon-opened\"><i class=\"fas fa-angle-up\"><\/i><\/span>\n\t\t\t\t\t\t\t\t\t\t\t\t\t\t<\/span>\n\t\t\t\t\t\t\t\t\t\t\t\t<a class=\"elementor-accordion-title\" tabindex=\"0\">Stra\u00dfennetz<\/a>\n\t\t\t\t\t<\/div>\n\t\t\t\t\t<div id=\"elementor-tab-content-2062\" class=\"elementor-tab-content elementor-clearfix\" data-tab=\"2\" role=\"region\" aria-labelledby=\"elementor-tab-title-2062\"><p><span style=\"font-family: Rubik;\">Kirchberg liegt am Kreuzungspunkt der L134 und der L137, der beiden Hauptverkehrsrouten im Ort.<\/span><\/p>\n<p><span style=\"font-family: Rubik;\"><span style=\"color: #b33534;\">L134:<\/span> Die L134 ist die Hauptstra\u00dfe durch Kirchberg und f\u00fchrt vom Wanghof \u00fcber Feistritz nach Otterthal und Schlagl bis Gloggnitz und weiter ins H\u00f6llental, Klostertaler Gschaid bis Gutenstein. Das Kirchberger Gemeindegebiet reicht von der Lodenwalke vor Otterthal bis zum Kandlgraben vor Feistritz.<\/span><\/p>\n<p><span style=\"font-family: Rubik;\"><span style=\"color: #b33534;\">L137:<\/span> Die L137 f\u00fchrt von Krumbach \u00fcber die Z\u00f6berner Au bis Aspang und weiter \u00fcber St. Corona nach Kirchberg. In Kirchberg f\u00fchrt sie \u00fcber die Rams nach Penk und Neunkirchen, von wo sie \u00fcber Weikersdorf und Bad Fischau bis W\u00f6llersdorf f\u00fchrt. Das Kirchberger Gemeindegebiet reicht von der Ortsausfahrt St. Corona bis zur Ortsausfahrt Friedersdorf.<br \/><br \/><\/span><\/p>\n<p><span style=\"color: #b33534; font-family: Rubik; font-size: 14pt;\">Weitere Landesstra\u00dfen im Ortsgebiet:<\/span><\/p>\n<p><span style=\"font-family: Rubik;\"><span style=\"color: #b33534;\">L4186: <\/span>Dieser Stra\u00dfenabschnitt reicht von der Kreuzung am Anger bis zu den 3 H\u00e4usern in der Molz. Danach wird sie zum G\u00fcterweg Steyersberger Schwaig.<\/span><\/p>\n<p><span style=\"font-family: Rubik;\"><span style=\"color: #b33534;\">L4159:<\/span> Kreuzung am Ramssattel bis zur ersten Kreuzung am Goldberg. Mit einer L\u00e4nge von ca. 360 m ist das die k\u00fcrzeste Landesstra\u00dfe im Ortsgebiet.<\/span><\/p>\n<p><span style=\"font-family: Rubik;\"><span style=\"color: #b33534;\">L4158: <\/span>In der Kehre nach Burg Kranichberg Richtung Kirche in Kranichberg bis zur Kreuzung mit der L137 zwischen Friedersdorf und Sch\u00f6nstadl.<\/span><\/p>\n<p><span style=\"font-family: Rubik;\"><span style=\"color: #b33534;\">L4157:<\/span> Kreuzung am Ramssattel Richtung Burg Kranichberg bis in die Syhrn.<br \/><br \/><\/span><\/p>\n<p><span style=\"font-family: Rubik;\">Alle anderen Stra\u00dfen im Ortsgebiet sind Gemeindestra\u00dfen, G\u00fcterwege oder Hauszufahrten.<\/span><\/p>\n<p><span style=\"font-family: Rubik;\">Die <span style=\"color: #b33534;\">L175 <\/span>beginnt bei der Kreuzung in Otterthal und f\u00fchrt auf den Feistritzsattel. Diese Stra\u00dfe liegt zwar zur G\u00e4nze au\u00dferhalb des Ortsgebietes von Kirchberg, ist aber f\u00fcr die Zufahrt nach Lehen und Nebelsbach erforderlich.<\/span><\/p><\/div>\n\t\t\t\t<\/div>\n\t\t\t\t\t\t\t<div class=\"elementor-accordion-item\">\n\t\t\t\t\t<div id=\"elementor-tab-title-2063\" class=\"elementor-tab-title\" data-tab=\"3\" role=\"button\" aria-controls=\"elementor-tab-content-2063\" aria-expanded=\"false\">\n\t\t\t\t\t\t\t\t\t\t\t\t\t<span class=\"elementor-accordion-icon elementor-accordion-icon-left\" aria-hidden=\"true\">\n\t\t\t\t\t\t\t\t\t\t\t\t\t\t\t<span class=\"elementor-accordion-icon-closed\"><i class=\"fas fa-angle-right\"><\/i><\/span>\n\t\t\t\t\t\t\t\t<span class=\"elementor-accordion-icon-opened\"><i class=\"fas fa-angle-up\"><\/i><\/span>\n\t\t\t\t\t\t\t\t\t\t\t\t\t\t<\/span>\n\t\t\t\t\t\t\t\t\t\t\t\t<a class=\"elementor-accordion-title\" tabindex=\"0\">Nachbarfeuerwehren<\/a>\n\t\t\t\t\t<\/div>\n\t\t\t\t\t<div id=\"elementor-tab-content-2063\" class=\"elementor-tab-content elementor-clearfix\" data-tab=\"3\" role=\"region\" aria-labelledby=\"elementor-tab-title-2063\"><p>Im Unterabschnitt III des Abschnittes Aspang ist die FF Kirchberg gemeinsam mit den Feuerwehren Feistritz und St. Corona eingeteilt. Gemeinsam mit diesen Feuerwehren werden regelm\u00e4\u00dfig \u00dcbungen und Schulungen abgehalten. Die FF St. Peter arbeitet beim Atemschutz mit den Feuerwehren des UA III zusammen. Mit den Feuerwehren des Feistritztales wird j\u00e4hrlich eine gemeinsame \u00dcbung abgehalten.<\/p>\n<p><span style=\"color: #b33534;\">FF Feistritz: <\/span>Gemeinsame Grenze im Kirchgraben, Eselberg-Thannhof, Hasleiten, Kandlgraben, Katzgraben, Kalkgrub<\/p>\n<p><span style=\"color: #b33534;\">FF St. Corona:<\/span> Gemeinsame Grenze Wieden-St. Corona-Rodl, Molz-3 H\u00e4user, Kampstein<\/p>\n<p><span style=\"color: #b33534;\">FF St. Peter:<\/span> Gemeinsame Grenze am Kampstein, Kampsteiner Schwaig, Schwarzer Herrgott, Zwickl-Stall, Feistritzer Schwaig<\/p>\n<p><span style=\"color: #b33534;\">FF Otterthal:<\/span> Gemeinsame Grenze bei der Lodenwalke, Goldberg, Lehen und Steinbach<\/p>\n<p><span style=\"color: #b33534;\">FF Trattenbach:<\/span> Gemeinsame Grenze am Arabichl, Kranichberger Schwaig, Alpl, Nebelsbach und Hammerhofsiedlung<\/p>\n<p><span style=\"color: #b33534;\">FF Raach<\/span><span style=\"color: #b33534;\">:<\/span> Gemeinsame Grenze am Goldberg, Sonnleiten, Greuth und Syhrn<\/p>\n<p><span style=\"color: #b33534;\">FF Penk-Altendorf:<\/span> Gemeinsame Grenze in Friedersdorf-Sch\u00f6nstadl, Pyhra, Pucha, Kiengraben, Syhrn und\u00a0 Tachenberg<\/p>\n<p><span style=\"color: #b33534;\">FF Grimmenstein-Kirchau:<\/span> Gemeinsame Grenze in Kienberg<\/p><\/div>\n\t\t\t\t<\/div>\n\t\t\t\t\t\t\t<div class=\"elementor-accordion-item\">\n\t\t\t\t\t<div id=\"elementor-tab-title-2064\" class=\"elementor-tab-title\" data-tab=\"4\" role=\"button\" aria-controls=\"elementor-tab-content-2064\" aria-expanded=\"false\">\n\t\t\t\t\t\t\t\t\t\t\t\t\t<span class=\"elementor-accordion-icon elementor-accordion-icon-left\" aria-hidden=\"true\">\n\t\t\t\t\t\t\t\t\t\t\t\t\t\t\t<span class=\"elementor-accordion-icon-closed\"><i class=\"fas fa-angle-right\"><\/i><\/span>\n\t\t\t\t\t\t\t\t<span class=\"elementor-accordion-icon-opened\"><i class=\"fas fa-angle-up\"><\/i><\/span>\n\t\t\t\t\t\t\t\t\t\t\t\t\t\t<\/span>\n\t\t\t\t\t\t\t\t\t\t\t\t<a class=\"elementor-accordion-title\" tabindex=\"0\">Daten von Kirchberg am Wechsel<\/a>\n\t\t\t\t\t<\/div>\n\t\t\t\t\t<div id=\"elementor-tab-content-2064\" class=\"elementor-tab-content elementor-clearfix\" data-tab=\"4\" role=\"region\" aria-labelledby=\"elementor-tab-title-2064\"><p><span style=\"font-family: Rubik;\"><span style=\"color: #b33534;\">Fl\u00e4che: <\/span>51,36 km\u00b2<\/span><\/p>\n<p><span style=\"font-family: Rubik;\"><span style=\"color: #b33534;\">Einwohner:<\/span> ca. 2.500<br \/><br \/><\/span><\/p>\n<p><span style=\"font-family: Rubik;\"><span style=\"color: #b33534;\">Fl\u00e4chenverteilung:<\/span> <span style=\"font-size: 8pt;\">(Quelle: Statistik Austria)<\/span> \u00a0<\/span><\/p>\n<p><span style=\"font-family: Rubik;\">68,8 % Wald (ca. 3.500 ha);<\/span><\/p>\n<p><span style=\"font-family: Rubik;\">24,4 % Landwirtschaft (ca. 1.250 ha);<\/span><\/p>\n<p><span style=\"font-family: Rubik;\">1,8 % G\u00e4rten<\/span><\/p>\n<p><span style=\"font-family: Rubik;\">1,1 % Alpen<\/span><\/p>\n<p><span style=\"font-family: Rubik;\">0,7 % verbaute Fl\u00e4chen (ca. 38 ha)<\/span><\/p>\n<p><span style=\"font-family: Rubik;\">0,4 % Gew\u00e4sser<\/span><\/p>\n<p><span style=\"font-family: Rubik;\">2,7 % Sonstige Fl\u00e4chen<br \/><br \/><\/span><\/p>\n<p><span style=\"font-family: Rubik;\"><span style=\"color: #b33534;\">H\u00f6chster Punkt: <\/span>ca. 1.599 m \u00fc. A. (Ortsgrenze am Arabichl)<\/span><\/p>\n<p><span style=\"font-family: Rubik;\"><span style=\"color: #b33534;\">Tiefster Punkt:<\/span> ca. 499 m \u00fc. A. (Ortsgrenze im Katzgraben)<\/span><\/p>\n<p><span style=\"font-family: Rubik;\"><span style=\"color: #b33534;\">H\u00f6he im Ortszentrum:<\/span> ca. 581 m \u00fc. A.<\/span><\/p><\/div>\n\t\t\t\t<\/div>\n\t\t\t\t\t\t\t\t<\/div>\n\t\t\t\t<\/div>\n\t\t\t\t<\/div>\n\t\t\t\t\t<\/div>\n\t\t<\/div>\n\t\t\t\t\t<\/div>\n\t\t<\/section>\n\t\t\t\t<\/div>\n\t\t","protected":false},"excerpt":{"rendered":"<p>Das Einsatzgebiet der FF Kirchberg am Wechsel deckt sich mit dem Gemeindegebiet der Marktgemeinde Kirchberg. Anders als in einigen anderen Gemeinden, hat die Gemeinde Kirchberg nur eine Freiwillige Feuerwehr. Deshalb ist die FF Kirchberg f\u00fcr das gesamte Gemeindegebiet zust\u00e4ndig (die&#8230; <a class=\"more-link\" href=\"https:\/\/www.ff-kirchberg-am-wechsel.at\/wordpress\/?page_id=1077\">Weiterlesen &rarr;<\/a><\/p>\n","protected":false},"author":1,"featured_media":0,"parent":0,"menu_order":0,"comment_status":"closed","ping_status":"closed","template":"","meta":[],"_links":{"self":[{"href":"https:\/\/www.ff-kirchberg-am-wechsel.at\/wordpress\/index.php?rest_route=\/wp\/v2\/pages\/1077"}],"collection":[{"href":"https:\/\/www.ff-kirchberg-am-wechsel.at\/wordpress\/index.php?rest_route=\/wp\/v2\/pages"}],"about":[{"href":"https:\/\/www.ff-kirchberg-am-wechsel.at\/wordpress\/index.php?rest_route=\/wp\/v2\/types\/page"}],"author":[{"embeddable":true,"href":"https:\/\/www.ff-kirchberg-am-wechsel.at\/wordpress\/index.php?rest_route=\/wp\/v2\/users\/1"}],"replies":[{"embeddable":true,"href":"https:\/\/www.ff-kirchberg-am-wechsel.at\/wordpress\/index.php?rest_route=%2Fwp%2Fv2%2Fcomments&post=1077"}],"version-history":[{"count":29,"href":"https:\/\/www.ff-kirchberg-am-wechsel.at\/wordpress\/index.php?rest_route=\/wp\/v2\/pages\/1077\/revisions"}],"predecessor-version":[{"id":2082,"href":"https:\/\/www.ff-kirchberg-am-wechsel.at\/wordpress\/index.php?rest_route=\/wp\/v2\/pages\/1077\/revisions\/2082"}],"wp:attachment":[{"href":"https:\/\/www.ff-kirchberg-am-wechsel.at\/wordpress\/index.php?rest_route=%2Fwp%2Fv2%2Fmedia&parent=1077"}],"curies":[{"name":"wp","href":"https:\/\/api.w.org\/{rel}","templated":true}]}}