
{"id":2767,"date":"2019-12-27T17:37:01","date_gmt":"2019-12-27T16:37:01","guid":{"rendered":"http:\/\/www.ff-kirchberg-am-wechsel.at\/wordpress\/?page_id=2767"},"modified":"2019-12-27T17:48:09","modified_gmt":"2019-12-27T16:48:09","slug":"einsatzbekleidung","status":"publish","type":"page","link":"http:\/\/www.ff-kirchberg-am-wechsel.at\/wordpress\/?page_id=2767","title":{"rendered":"Einsatzbekleidung"},"content":{"rendered":"\t\t<div data-elementor-type=\"wp-page\" data-elementor-id=\"2767\" class=\"elementor elementor-2767\">\n\t\t\t\t\t\t<section class=\"elementor-section elementor-top-section elementor-element elementor-element-888b3d9 elementor-section-boxed elementor-section-height-default elementor-section-height-default\" data-id=\"888b3d9\" data-element_type=\"section\">\n\t\t\t\t\t\t<div class=\"elementor-container elementor-column-gap-default\">\n\t\t\t\t\t<div class=\"elementor-column elementor-col-100 elementor-top-column elementor-element elementor-element-e11a068\" data-id=\"e11a068\" data-element_type=\"column\">\n\t\t\t<div class=\"elementor-widget-wrap elementor-element-populated\">\n\t\t\t\t\t\t<div class=\"elementor-element elementor-element-8746629 elementor-widget elementor-widget-text-editor\" data-id=\"8746629\" data-element_type=\"widget\" data-widget_type=\"text-editor.default\">\n\t\t\t\t<div class=\"elementor-widget-container\">\n\t\t\t\t\t\t\t<p><strong>Einsatzhelme<\/strong><\/p><p>Im Herbst 2019 wurden neue Einsatzhelme angeschafft. Unsere bisherigen, 20 Jahre alten Helme wiesen noch ein Ablaufdatum auf, das 2019 erreicht wurde und mussten somit ausgeschieden werden.<\/p><p>Ein herzliches Dankesch\u00f6n an die Bev\u00f6lkerung und die Gewerbetreibenden von Kirchberg, die mit Ihren zahlreichen Spenden im Zuge der Helmpatenschaftsaktion den Ankauf der neuen Einsatzhelme erm\u00f6glichten.<\/p><p>Die neuen Helme:<\/p><ul><li>Marke: Dr\u00e4ger<\/li><li>2 verschiedene Gr\u00f6\u00dfen (M und L), auf den Tr\u00e4ger individuell angepasst<\/li><li>Vollvisier f\u00fcr den Brandeinsatz<\/li><li>Zus\u00e4tzlich innenliegendes Halbvisier (Schutzbrille) f\u00fcr den technischen Einsatz<\/li><li>Innenhalterung und Beb\u00e4nderung herausnehmbar und waschbar<\/li><li>Fixe Halterung f\u00fcr Helmtaschenlampen (wurden auch angekauft)<\/li><li>Nachleuchtende Farbe f\u00fcr erh\u00f6hte Sicherheit im Einsatz<\/li><\/ul>\t\t\t\t\t\t<\/div>\n\t\t\t\t<\/div>\n\t\t\t\t\t<\/div>\n\t\t<\/div>\n\t\t\t\t\t<\/div>\n\t\t<\/section>\n\t\t\t\t<section class=\"elementor-section elementor-top-section elementor-element elementor-element-7f7e391 elementor-section-boxed elementor-section-height-default elementor-section-height-default\" data-id=\"7f7e391\" data-element_type=\"section\">\n\t\t\t\t\t\t<div class=\"elementor-container elementor-column-gap-default\">\n\t\t\t\t\t<div class=\"elementor-column elementor-col-100 elementor-top-column elementor-element elementor-element-68e2461\" data-id=\"68e2461\" data-element_type=\"column\">\n\t\t\t<div class=\"elementor-widget-wrap elementor-element-populated\">\n\t\t\t\t\t\t<div class=\"elementor-element elementor-element-7e93fee elementor-widget elementor-widget-image-gallery\" data-id=\"7e93fee\" data-element_type=\"widget\" data-widget_type=\"image-gallery.default\">\n\t\t\t\t<div class=\"elementor-widget-container\">\n\t\t\t\t\t<div class=\"elementor-image-gallery\">\n\t\t\t\n\t\t<style type=\"text\/css\">\n\t\t\t#gallery-1 {\n\t\t\t\tmargin: auto;\n\t\t\t}\n\t\t\t#gallery-1 .gallery-item {\n\t\t\t\tfloat: left;\n\t\t\t\tmargin-top: 10px;\n\t\t\t\ttext-align: center;\n\t\t\t\twidth: 25%;\n\t\t\t}\n\t\t\t#gallery-1 img {\n\t\t\t\tborder: 2px solid #cfcfcf;\n\t\t\t}\n\t\t\t#gallery-1 .gallery-caption {\n\t\t\t\tmargin-left: 0;\n\t\t\t}\n\t\t\t\/* see gallery_shortcode() in wp-includes\/media.php *\/\n\t\t<\/style>\n\t\t<div id='gallery-1' class='gallery galleryid-2767 gallery-columns-4 gallery-size-thumbnail'><dl class='gallery-item'>\n\t\t\t<dt class='gallery-icon landscape'>\n\t\t\t\t<a data-elementor-open-lightbox=\"yes\" data-elementor-lightbox-slideshow=\"7e93fee\" data-elementor-lightbox-title=\"Helme_2019_2\" data-e-action-hash=\"#elementor-action%3Aaction%3Dlightbox%26settings%3DeyJpZCI6Mjc3MCwidXJsIjoiaHR0cDpcL1wvd3d3LmZmLWtpcmNoYmVyZy1hbS13ZWNoc2VsLmF0XC93b3JkcHJlc3NcL3dwLWNvbnRlbnRcL3VwbG9hZHNcLzIwMTlcLzEyXC9IZWxtZV8yMDE5XzIuanBnIiwic2xpZGVzaG93IjoiN2U5M2ZlZSJ9\" href='http:\/\/www.ff-kirchberg-am-wechsel.at\/wordpress\/wp-content\/uploads\/2019\/12\/Helme_2019_2-1024x683.jpg' title=\"\" data-rl_title=\"\" class=\"rl-gallery-link\" data-rl_caption=\"\" data-rel=\"lightbox-gallery-1\"><img width=\"150\" height=\"150\" src=\"http:\/\/www.ff-kirchberg-am-wechsel.at\/wordpress\/wp-content\/uploads\/2019\/12\/Helme_2019_2-150x150.jpg\" class=\"attachment-thumbnail size-thumbnail\" alt=\"Einsatzhelme\" \/><\/a>\n\t\t\t<\/dt><\/dl><dl class='gallery-item'>\n\t\t\t<dt class='gallery-icon landscape'>\n\t\t\t\t<a data-elementor-open-lightbox=\"yes\" data-elementor-lightbox-slideshow=\"7e93fee\" data-elementor-lightbox-title=\"Helme_2019_1\" data-e-action-hash=\"#elementor-action%3Aaction%3Dlightbox%26settings%3DeyJpZCI6Mjc2OSwidXJsIjoiaHR0cDpcL1wvd3d3LmZmLWtpcmNoYmVyZy1hbS13ZWNoc2VsLmF0XC93b3JkcHJlc3NcL3dwLWNvbnRlbnRcL3VwbG9hZHNcLzIwMTlcLzEyXC9IZWxtZV8yMDE5XzEuanBnIiwic2xpZGVzaG93IjoiN2U5M2ZlZSJ9\" href='http:\/\/www.ff-kirchberg-am-wechsel.at\/wordpress\/wp-content\/uploads\/2019\/12\/Helme_2019_1-1024x683.jpg' title=\"\" data-rl_title=\"\" class=\"rl-gallery-link\" data-rl_caption=\"\" data-rel=\"lightbox-gallery-1\"><img width=\"150\" height=\"150\" src=\"http:\/\/www.ff-kirchberg-am-wechsel.at\/wordpress\/wp-content\/uploads\/2019\/12\/Helme_2019_1-150x150.jpg\" class=\"attachment-thumbnail size-thumbnail\" alt=\"Einsatzhelme\" \/><\/a>\n\t\t\t<\/dt><\/dl><dl class='gallery-item'>\n\t\t\t<dt class='gallery-icon landscape'>\n\t\t\t\t<a data-elementor-open-lightbox=\"yes\" data-elementor-lightbox-slideshow=\"7e93fee\" data-elementor-lightbox-title=\"Helme_2019_3\" data-e-action-hash=\"#elementor-action%3Aaction%3Dlightbox%26settings%3DeyJpZCI6Mjc3MSwidXJsIjoiaHR0cDpcL1wvd3d3LmZmLWtpcmNoYmVyZy1hbS13ZWNoc2VsLmF0XC93b3JkcHJlc3NcL3dwLWNvbnRlbnRcL3VwbG9hZHNcLzIwMTlcLzEyXC9IZWxtZV8yMDE5XzMuanBnIiwic2xpZGVzaG93IjoiN2U5M2ZlZSJ9\" href='http:\/\/www.ff-kirchberg-am-wechsel.at\/wordpress\/wp-content\/uploads\/2019\/12\/Helme_2019_3-1024x683.jpg' title=\"\" data-rl_title=\"\" class=\"rl-gallery-link\" data-rl_caption=\"\" data-rel=\"lightbox-gallery-1\"><img width=\"150\" height=\"150\" src=\"http:\/\/www.ff-kirchberg-am-wechsel.at\/wordpress\/wp-content\/uploads\/2019\/12\/Helme_2019_3-150x150.jpg\" class=\"attachment-thumbnail size-thumbnail\" alt=\"Einsatzhelme\" \/><\/a>\n\t\t\t<\/dt><\/dl><dl class='gallery-item'>\n\t\t\t<dt class='gallery-icon landscape'>\n\t\t\t\t<a data-elementor-open-lightbox=\"yes\" data-elementor-lightbox-slideshow=\"7e93fee\" data-elementor-lightbox-title=\"Helme_2019_4\" data-e-action-hash=\"#elementor-action%3Aaction%3Dlightbox%26settings%3DeyJpZCI6Mjc3MiwidXJsIjoiaHR0cDpcL1wvd3d3LmZmLWtpcmNoYmVyZy1hbS13ZWNoc2VsLmF0XC93b3JkcHJlc3NcL3dwLWNvbnRlbnRcL3VwbG9hZHNcLzIwMTlcLzEyXC9IZWxtZV8yMDE5XzQuanBnIiwic2xpZGVzaG93IjoiN2U5M2ZlZSJ9\" href='http:\/\/www.ff-kirchberg-am-wechsel.at\/wordpress\/wp-content\/uploads\/2019\/12\/Helme_2019_4-1024x623.jpg' title=\"\" data-rl_title=\"\" class=\"rl-gallery-link\" data-rl_caption=\"\" data-rel=\"lightbox-gallery-1\"><img loading=\"lazy\" width=\"150\" height=\"150\" src=\"http:\/\/www.ff-kirchberg-am-wechsel.at\/wordpress\/wp-content\/uploads\/2019\/12\/Helme_2019_4-150x150.jpg\" class=\"attachment-thumbnail size-thumbnail\" alt=\"Einsatzhelme\" \/><\/a>\n\t\t\t<\/dt><\/dl><br style=\"clear: both\" \/><dl class='gallery-item'>\n\t\t\t<dt class='gallery-icon landscape'>\n\t\t\t\t<a data-elementor-open-lightbox=\"yes\" data-elementor-lightbox-slideshow=\"7e93fee\" data-elementor-lightbox-title=\"Helme_2019_5\" data-e-action-hash=\"#elementor-action%3Aaction%3Dlightbox%26settings%3DeyJpZCI6Mjc3MywidXJsIjoiaHR0cDpcL1wvd3d3LmZmLWtpcmNoYmVyZy1hbS13ZWNoc2VsLmF0XC93b3JkcHJlc3NcL3dwLWNvbnRlbnRcL3VwbG9hZHNcLzIwMTlcLzEyXC9IZWxtZV8yMDE5XzUuanBnIiwic2xpZGVzaG93IjoiN2U5M2ZlZSJ9\" href='http:\/\/www.ff-kirchberg-am-wechsel.at\/wordpress\/wp-content\/uploads\/2019\/12\/Helme_2019_5-1024x683.jpg' title=\"\" data-rl_title=\"\" class=\"rl-gallery-link\" data-rl_caption=\"\" data-rel=\"lightbox-gallery-1\"><img loading=\"lazy\" width=\"150\" height=\"150\" src=\"http:\/\/www.ff-kirchberg-am-wechsel.at\/wordpress\/wp-content\/uploads\/2019\/12\/Helme_2019_5-150x150.jpg\" class=\"attachment-thumbnail size-thumbnail\" alt=\"Einsatzhelme\" \/><\/a>\n\t\t\t<\/dt><\/dl><dl class='gallery-item'>\n\t\t\t<dt class='gallery-icon landscape'>\n\t\t\t\t<a data-elementor-open-lightbox=\"yes\" data-elementor-lightbox-slideshow=\"7e93fee\" data-elementor-lightbox-title=\"Helme_2019_6\" data-e-action-hash=\"#elementor-action%3Aaction%3Dlightbox%26settings%3DeyJpZCI6Mjc3NCwidXJsIjoiaHR0cDpcL1wvd3d3LmZmLWtpcmNoYmVyZy1hbS13ZWNoc2VsLmF0XC93b3JkcHJlc3NcL3dwLWNvbnRlbnRcL3VwbG9hZHNcLzIwMTlcLzEyXC9IZWxtZV8yMDE5XzYuanBnIiwic2xpZGVzaG93IjoiN2U5M2ZlZSJ9\" href='http:\/\/www.ff-kirchberg-am-wechsel.at\/wordpress\/wp-content\/uploads\/2019\/12\/Helme_2019_6-1024x683.jpg' title=\"\" data-rl_title=\"\" class=\"rl-gallery-link\" data-rl_caption=\"\" data-rel=\"lightbox-gallery-1\"><img loading=\"lazy\" width=\"150\" height=\"150\" src=\"http:\/\/www.ff-kirchberg-am-wechsel.at\/wordpress\/wp-content\/uploads\/2019\/12\/Helme_2019_6-150x150.jpg\" class=\"attachment-thumbnail size-thumbnail\" alt=\"Einsatzhelme\" \/><\/a>\n\t\t\t<\/dt><\/dl>\n\t\t\t<br style='clear: both' \/>\n\t\t<\/div>\n\t\t<\/div>\n\t\t\t\t<\/div>\n\t\t\t\t<\/div>\n\t\t\t\t\t<\/div>\n\t\t<\/div>\n\t\t\t\t\t<\/div>\n\t\t<\/section>\n\t\t\t\t<\/div>\n\t\t","protected":false},"excerpt":{"rendered":"<p>Einsatzhelme Im Herbst 2019 wurden neue Einsatzhelme angeschafft. Unsere bisherigen, 20 Jahre alten Helme wiesen noch ein Ablaufdatum auf, das 2019 erreicht wurde und mussten somit ausgeschieden werden. Ein herzliches Dankesch\u00f6n an die Bev\u00f6lkerung und die Gewerbetreibenden von Kirchberg, die&#8230; <a class=\"more-link\" href=\"http:\/\/www.ff-kirchberg-am-wechsel.at\/wordpress\/?page_id=2767\">Weiterlesen &rarr;<\/a><\/p>\n","protected":false},"author":5,"featured_media":0,"parent":0,"menu_order":0,"comment_status":"closed","ping_status":"closed","template":"","meta":[],"_links":{"self":[{"href":"http:\/\/www.ff-kirchberg-am-wechsel.at\/wordpress\/index.php?rest_route=\/wp\/v2\/pages\/2767"}],"collection":[{"href":"http:\/\/www.ff-kirchberg-am-wechsel.at\/wordpress\/index.php?rest_route=\/wp\/v2\/pages"}],"about":[{"href":"http:\/\/www.ff-kirchberg-am-wechsel.at\/wordpress\/index.php?rest_route=\/wp\/v2\/types\/page"}],"author":[{"embeddable":true,"href":"http:\/\/www.ff-kirchberg-am-wechsel.at\/wordpress\/index.php?rest_route=\/wp\/v2\/users\/5"}],"replies":[{"embeddable":true,"href":"http:\/\/www.ff-kirchberg-am-wechsel.at\/wordpress\/index.php?rest_route=%2Fwp%2Fv2%2Fcomments&post=2767"}],"version-history":[{"count":5,"href":"http:\/\/www.ff-kirchberg-am-wechsel.at\/wordpress\/index.php?rest_route=\/wp\/v2\/pages\/2767\/revisions"}],"predecessor-version":[{"id":2782,"href":"http:\/\/www.ff-kirchberg-am-wechsel.at\/wordpress\/index.php?rest_route=\/wp\/v2\/pages\/2767\/revisions\/2782"}],"wp:attachment":[{"href":"http:\/\/www.ff-kirchberg-am-wechsel.at\/wordpress\/index.php?rest_route=%2Fwp%2Fv2%2Fmedia&parent=2767"}],"curies":[{"name":"wp","href":"https:\/\/api.w.org\/{rel}","templated":true}]}}