
{"id":2756,"date":"2019-12-26T16:24:16","date_gmt":"2019-12-26T15:24:16","guid":{"rendered":"http:\/\/www.ff-kirchberg-am-wechsel.at\/wordpress\/?page_id=2756"},"modified":"2021-05-13T08:00:15","modified_gmt":"2021-05-13T06:00:15","slug":"ueber-die-fj","status":"publish","type":"page","link":"http:\/\/www.ff-kirchberg-am-wechsel.at\/wordpress\/?page_id=2756","title":{"rendered":"\u00dcber die FJ"},"content":{"rendered":"\t\t<div data-elementor-type=\"wp-page\" data-elementor-id=\"2756\" class=\"elementor elementor-2756\">\n\t\t\t\t\t\t<section class=\"elementor-section elementor-top-section elementor-element elementor-element-50881ed elementor-section-boxed elementor-section-height-default elementor-section-height-default\" data-id=\"50881ed\" data-element_type=\"section\">\n\t\t\t\t\t\t<div class=\"elementor-container elementor-column-gap-default\">\n\t\t\t\t\t<div class=\"elementor-column elementor-col-100 elementor-top-column elementor-element elementor-element-b7a5d87\" data-id=\"b7a5d87\" data-element_type=\"column\">\n\t\t\t<div class=\"elementor-widget-wrap elementor-element-populated\">\n\t\t\t\t\t\t<div class=\"elementor-element elementor-element-6bb0faf elementor-widget elementor-widget-text-editor\" data-id=\"6bb0faf\" data-element_type=\"widget\" data-widget_type=\"text-editor.default\">\n\t\t\t\t<div class=\"elementor-widget-container\">\n\t\t\t\t\t\t\t<p style=\"text-align: center;\"><span style=\"font-family: Rubik;\">Wie viele Mitglieder haben wir aktuell? Wie viele sind bereits im aktiven Dienst? Wie wird man Mitglied? Wie kann man uns erreichen?<\/span><\/p>\t\t\t\t\t\t<\/div>\n\t\t\t\t<\/div>\n\t\t\t\t<div class=\"elementor-element elementor-element-80f4e11 elementor-widget elementor-widget-spacer\" data-id=\"80f4e11\" data-element_type=\"widget\" data-widget_type=\"spacer.default\">\n\t\t\t\t<div class=\"elementor-widget-container\">\n\t\t\t\t\t<div class=\"elementor-spacer\">\n\t\t\t<div class=\"elementor-spacer-inner\"><\/div>\n\t\t<\/div>\n\t\t\t\t<\/div>\n\t\t\t\t<\/div>\n\t\t\t\t<div class=\"elementor-element elementor-element-9e4f031 elementor-widget elementor-widget-text-editor\" data-id=\"9e4f031\" data-element_type=\"widget\" data-widget_type=\"text-editor.default\">\n\t\t\t\t<div class=\"elementor-widget-container\">\n\t\t\t\t\t\t\t<p style=\"text-align: center;\"><span style=\"font-family: Rubik; color: #b33534; font-size: 1.3em;\">Derzeitige Mitglieder<\/span><\/p><p style=\"text-align: center;\"><span style=\"font-family: Rubik;\">6<\/span><\/p><p>\u00a0<\/p><p style=\"text-align: center;\"><span style=\"font-family: Rubik; color: #b33534; font-size: 1.3em;\">\u00dcberstellte Mitglieder (Aktivdienst)<\/span><\/p><p style=\"text-align: center;\"><span style=\"font-family: Rubik;\">5<\/span><\/p><p>\u00a0<\/p><p style=\"text-align: center;\"><span style=\"font-family: Rubik; font-size: 1.3em; color: #b33534;\">Mindestalter f\u00fcr die FJ<\/span><\/p><p style=\"text-align: center;\"><span style=\"font-family: Rubik;\">10 Jahre<\/span><\/p><p>\u00a0<\/p><p style=\"text-align: center;\"><span style=\"font-family: Rubik; color: #b33534; font-size: 1.3em;\">\u00dcberstellung in den Aktivdienst\u00a0<\/span><\/p><p style=\"text-align: center;\"><span style=\"font-family: Rubik;\">15 Jahre<\/span><\/p><p>\u00a0<\/p><p style=\"text-align: center;\"><span style=\"font-family: Rubik; font-size: 1.3em; color: #b33534;\">Sachbearbeiter FJ<\/span><\/p><p style=\"text-align: center;\"><span style=\"font-family: Rubik;\">LM Stefan Jansohn<\/span><\/p><p style=\"text-align: center;\"><span style=\"font-family: Rubik;\">SB Stefan Z\u00fcttl<br \/><\/span><\/p><p>\u00a0<\/p><p style=\"text-align: center;\"><span style=\"font-family: Rubik; color: #b33534; font-size: 1.3em;\">Gr\u00fcndungsjahr<\/span><\/p><p style=\"text-align: center;\"><span style=\"font-family: Rubik;\">2015 (mit 15 Mitgliedern)<\/span><\/p><p>\u00a0<\/p><p style=\"text-align: center;\"><span style=\"font-family: Rubik; color: #b33534; font-size: 1.3em;\">FJ-Stunden<\/span><\/p><p style=\"text-align: center;\"><span style=\"font-family: Rubik;\">meistens Montag, 18:00 Uhr im Feuerwehrhaus<\/span><\/p><p>\u00a0<\/p><p style=\"text-align: center;\"><span style=\"font-family: Rubik; color: #b33534; font-size: 1.3em;\">Kontakt<\/span><\/p><p style=\"text-align: center;\"><span style=\"font-family: Rubik;\">Jugendbetreuer LM Stefan Jansohn, 0680\/5507828<\/span><\/p>\t\t\t\t\t\t<\/div>\n\t\t\t\t<\/div>\n\t\t\t\t\t<\/div>\n\t\t<\/div>\n\t\t\t\t\t<\/div>\n\t\t<\/section>\n\t\t\t\t<\/div>\n\t\t","protected":false},"excerpt":{"rendered":"<p>Wie viele Mitglieder haben wir aktuell? Wie viele sind bereits im aktiven Dienst? Wie wird man Mitglied? Wie kann man uns erreichen? Derzeitige Mitglieder 6 \u00dcberstellte Mitglieder (Aktivdienst) 5 Mindestalter f\u00fcr die FJ 10 Jahre \u00dcberstellung in den Aktivdienst&nbsp; 15&#8230; <a class=\"more-link\" href=\"http:\/\/www.ff-kirchberg-am-wechsel.at\/wordpress\/?page_id=2756\">Weiterlesen &rarr;<\/a><\/p>\n","protected":false},"author":5,"featured_media":0,"parent":0,"menu_order":0,"comment_status":"closed","ping_status":"closed","template":"","meta":[],"_links":{"self":[{"href":"http:\/\/www.ff-kirchberg-am-wechsel.at\/wordpress\/index.php?rest_route=\/wp\/v2\/pages\/2756"}],"collection":[{"href":"http:\/\/www.ff-kirchberg-am-wechsel.at\/wordpress\/index.php?rest_route=\/wp\/v2\/pages"}],"about":[{"href":"http:\/\/www.ff-kirchberg-am-wechsel.at\/wordpress\/index.php?rest_route=\/wp\/v2\/types\/page"}],"author":[{"embeddable":true,"href":"http:\/\/www.ff-kirchberg-am-wechsel.at\/wordpress\/index.php?rest_route=\/wp\/v2\/users\/5"}],"replies":[{"embeddable":true,"href":"http:\/\/www.ff-kirchberg-am-wechsel.at\/wordpress\/index.php?rest_route=%2Fwp%2Fv2%2Fcomments&post=2756"}],"version-history":[{"count":6,"href":"http:\/\/www.ff-kirchberg-am-wechsel.at\/wordpress\/index.php?rest_route=\/wp\/v2\/pages\/2756\/revisions"}],"predecessor-version":[{"id":3757,"href":"http:\/\/www.ff-kirchberg-am-wechsel.at\/wordpress\/index.php?rest_route=\/wp\/v2\/pages\/2756\/revisions\/3757"}],"wp:attachment":[{"href":"http:\/\/www.ff-kirchberg-am-wechsel.at\/wordpress\/index.php?rest_route=%2Fwp%2Fv2%2Fmedia&parent=2756"}],"curies":[{"name":"wp","href":"https:\/\/api.w.org\/{rel}","templated":true}]}}