
{"id":105,"date":"2017-05-11T14:32:22","date_gmt":"2017-05-11T12:32:22","guid":{"rendered":"http:\/\/www.ff-kirchberg-am-wechsel.at\/wordpress\/?page_id=105"},"modified":"2019-09-30T17:58:21","modified_gmt":"2019-09-30T15:58:21","slug":"fuhrpark","status":"publish","type":"page","link":"http:\/\/www.ff-kirchberg-am-wechsel.at\/wordpress\/?page_id=105","title":{"rendered":"Fuhrpark"},"content":{"rendered":"\t\t<div data-elementor-type=\"wp-page\" data-elementor-id=\"105\" class=\"elementor elementor-105\">\n\t\t\t\t\t\t<section class=\"elementor-section elementor-top-section elementor-element elementor-element-b160df2 elementor-section-boxed elementor-section-height-default elementor-section-height-default\" data-id=\"b160df2\" data-element_type=\"section\">\n\t\t\t\t\t\t<div class=\"elementor-container elementor-column-gap-default\">\n\t\t\t\t\t<div class=\"elementor-column elementor-col-100 elementor-top-column elementor-element elementor-element-997c898\" data-id=\"997c898\" data-element_type=\"column\">\n\t\t\t<div class=\"elementor-widget-wrap elementor-element-populated\">\n\t\t\t\t\t\t<div class=\"elementor-element elementor-element-c175b7d elementor-position-top elementor-widget elementor-widget-image-box\" data-id=\"c175b7d\" data-element_type=\"widget\" data-widget_type=\"image-box.default\">\n\t\t\t\t<div class=\"elementor-widget-container\">\n\t\t\t<div class=\"elementor-image-box-wrapper\"><figure class=\"elementor-image-box-img\"><img fetchpriority=\"high\" width=\"3008\" height=\"2000\" src=\"http:\/\/www.ff-kirchberg-am-wechsel.at\/wordpress\/wp-content\/uploads\/2019\/09\/20110507-KDO.jpg\" class=\"attachment-full size-full wp-image-1723\" alt=\"Kommando-Fahrzeug-Allrad (KDO-A)\" srcset=\"http:\/\/www.ff-kirchberg-am-wechsel.at\/wordpress\/wp-content\/uploads\/2019\/09\/20110507-KDO.jpg 3008w, http:\/\/www.ff-kirchberg-am-wechsel.at\/wordpress\/wp-content\/uploads\/2019\/09\/20110507-KDO-300x199.jpg 300w, http:\/\/www.ff-kirchberg-am-wechsel.at\/wordpress\/wp-content\/uploads\/2019\/09\/20110507-KDO-768x511.jpg 768w, http:\/\/www.ff-kirchberg-am-wechsel.at\/wordpress\/wp-content\/uploads\/2019\/09\/20110507-KDO-1024x681.jpg 1024w, http:\/\/www.ff-kirchberg-am-wechsel.at\/wordpress\/wp-content\/uploads\/2019\/09\/20110507-KDO-945x628.jpg 945w, http:\/\/www.ff-kirchberg-am-wechsel.at\/wordpress\/wp-content\/uploads\/2019\/09\/20110507-KDO-600x399.jpg 600w\" sizes=\"(max-width: 3008px) 100vw, 3008px\" \/><\/figure><div class=\"elementor-image-box-content\"><p class=\"elementor-image-box-title\">Kommando-Fahrzeug-Allrad (KDO-A)<\/p><p class=\"elementor-image-box-description\">Funkrufname: Kommando Kirchberg<br>\nTyp: Volkswagen T4<br>\nBaujahr: 2003<br>\nBesatzung: 8 Mann<br>\nLeistung: 102 PS Diesel<br>\nAntrieb: permanenter Allradantrieb<br>\nAusstattung: Einsatzleitung, Funkzentrale<\/p><\/div><\/div>\t\t<\/div>\n\t\t\t\t<\/div>\n\t\t\t\t<div class=\"elementor-element elementor-element-4303313 elementor-widget elementor-widget-spacer\" data-id=\"4303313\" data-element_type=\"widget\" data-widget_type=\"spacer.default\">\n\t\t\t\t<div class=\"elementor-widget-container\">\n\t\t\t\t\t<div class=\"elementor-spacer\">\n\t\t\t<div class=\"elementor-spacer-inner\"><\/div>\n\t\t<\/div>\n\t\t\t\t<\/div>\n\t\t\t\t<\/div>\n\t\t\t\t<div class=\"elementor-element elementor-element-b3479ed elementor-position-top elementor-widget elementor-widget-image-box\" data-id=\"b3479ed\" data-element_type=\"widget\" data-widget_type=\"image-box.default\">\n\t\t\t\t<div class=\"elementor-widget-container\">\n\t\t\t<div class=\"elementor-image-box-wrapper\"><figure class=\"elementor-image-box-img\"><img width=\"3008\" height=\"2000\" src=\"http:\/\/www.ff-kirchberg-am-wechsel.at\/wordpress\/wp-content\/uploads\/2019\/09\/20110507-KRF.jpg\" class=\"attachment-full size-full wp-image-1724\" alt=\"Klein-R\u00fcst-Fahrzeug (KRF-S)\" srcset=\"http:\/\/www.ff-kirchberg-am-wechsel.at\/wordpress\/wp-content\/uploads\/2019\/09\/20110507-KRF.jpg 3008w, http:\/\/www.ff-kirchberg-am-wechsel.at\/wordpress\/wp-content\/uploads\/2019\/09\/20110507-KRF-300x199.jpg 300w, http:\/\/www.ff-kirchberg-am-wechsel.at\/wordpress\/wp-content\/uploads\/2019\/09\/20110507-KRF-768x511.jpg 768w, http:\/\/www.ff-kirchberg-am-wechsel.at\/wordpress\/wp-content\/uploads\/2019\/09\/20110507-KRF-1024x681.jpg 1024w, http:\/\/www.ff-kirchberg-am-wechsel.at\/wordpress\/wp-content\/uploads\/2019\/09\/20110507-KRF-945x628.jpg 945w, http:\/\/www.ff-kirchberg-am-wechsel.at\/wordpress\/wp-content\/uploads\/2019\/09\/20110507-KRF-600x399.jpg 600w\" sizes=\"(max-width: 3008px) 100vw, 3008px\" \/><\/figure><div class=\"elementor-image-box-content\"><p class=\"elementor-image-box-title\">Klein-R\u00fcst-Fahrzeug (KRF-S)<\/p><p class=\"elementor-image-box-description\">Funkrufname: Voraus Kirchberg<br>\nTyp: Puch G 280<br>\nBaujahr: 1988<br>\nBesatzung: 3 Mann<br>\nLeistung: 150 PS Benzin<br>\nGewicht: 3.200 kg<br>\nEinbaugenerator: 8 kVA\nLichtmast: pneumatisch ausfahrbar, 6m, Rundumleuchte<br>\nAusstattung: Verkehrsleiteinrichtung, Kompressor, Hebekissen, Hydraulischer Rettungssatz (Spreitzer und Schere)\n<\/p><\/div><\/div>\t\t<\/div>\n\t\t\t\t<\/div>\n\t\t\t\t<div class=\"elementor-element elementor-element-c90f2b5 elementor-widget elementor-widget-spacer\" data-id=\"c90f2b5\" data-element_type=\"widget\" data-widget_type=\"spacer.default\">\n\t\t\t\t<div class=\"elementor-widget-container\">\n\t\t\t\t\t<div class=\"elementor-spacer\">\n\t\t\t<div class=\"elementor-spacer-inner\"><\/div>\n\t\t<\/div>\n\t\t\t\t<\/div>\n\t\t\t\t<\/div>\n\t\t\t\t<div class=\"elementor-element elementor-element-00cc2b3 elementor-position-top elementor-widget elementor-widget-image-box\" data-id=\"00cc2b3\" data-element_type=\"widget\" data-widget_type=\"image-box.default\">\n\t\t\t\t<div class=\"elementor-widget-container\">\n\t\t\t<div class=\"elementor-image-box-wrapper\"><figure class=\"elementor-image-box-img\"><img width=\"3008\" height=\"2000\" src=\"http:\/\/www.ff-kirchberg-am-wechsel.at\/wordpress\/wp-content\/uploads\/2019\/09\/20110507-TLF.jpg\" class=\"attachment-full size-full wp-image-1727\" alt=\"Tank-L\u00f6sch-Fahrzeug-Allrad (TLF-A-5000)\" srcset=\"http:\/\/www.ff-kirchberg-am-wechsel.at\/wordpress\/wp-content\/uploads\/2019\/09\/20110507-TLF.jpg 3008w, http:\/\/www.ff-kirchberg-am-wechsel.at\/wordpress\/wp-content\/uploads\/2019\/09\/20110507-TLF-300x199.jpg 300w, http:\/\/www.ff-kirchberg-am-wechsel.at\/wordpress\/wp-content\/uploads\/2019\/09\/20110507-TLF-768x511.jpg 768w, http:\/\/www.ff-kirchberg-am-wechsel.at\/wordpress\/wp-content\/uploads\/2019\/09\/20110507-TLF-1024x681.jpg 1024w, http:\/\/www.ff-kirchberg-am-wechsel.at\/wordpress\/wp-content\/uploads\/2019\/09\/20110507-TLF-945x628.jpg 945w, http:\/\/www.ff-kirchberg-am-wechsel.at\/wordpress\/wp-content\/uploads\/2019\/09\/20110507-TLF-600x399.jpg 600w\" sizes=\"(max-width: 3008px) 100vw, 3008px\" \/><\/figure><div class=\"elementor-image-box-content\"><p class=\"elementor-image-box-title\">Tank-L\u00f6sch-Fahrzeug-Allrad (TLF-A-5000)<\/p><p class=\"elementor-image-box-description\">Funkrufname: Tank Kirchberg<br>\nTyp: Iveco Trakker<br>\nBaujahr: 2006<br>\nBesatzung: 9 Mann<br>\nLeistung: 380 PS Diesel<br>\nGewicht: 18.000 kg<br>\nWassertank: 4.800 Liter<br>\nPumpe: Heckeinbaupumpe Magirus<br>\nLeistung Pumpe: 2.400 l\/min<br>\nStromerzeuger:11 kVA<br>\nLichtmast: pneumatisch ausfahrbar, 8m, Rundumleuchte<br>\nAusstattung: Wasserwerfer, Stra\u00dfenwaschanlage, 3 Atemschutzger\u00e4te, Schaumzumischanlage, S\u00e4mtliche L\u00f6schutensilien, Hochdruck-Schnellangriffseinrichtung\n<\/p><\/div><\/div>\t\t<\/div>\n\t\t\t\t<\/div>\n\t\t\t\t<div class=\"elementor-element elementor-element-eebfd3b elementor-widget elementor-widget-spacer\" data-id=\"eebfd3b\" data-element_type=\"widget\" data-widget_type=\"spacer.default\">\n\t\t\t\t<div class=\"elementor-widget-container\">\n\t\t\t\t\t<div class=\"elementor-spacer\">\n\t\t\t<div class=\"elementor-spacer-inner\"><\/div>\n\t\t<\/div>\n\t\t\t\t<\/div>\n\t\t\t\t<\/div>\n\t\t\t\t<div class=\"elementor-element elementor-element-2a822a1 elementor-position-top elementor-widget elementor-widget-image-box\" data-id=\"2a822a1\" data-element_type=\"widget\" data-widget_type=\"image-box.default\">\n\t\t\t\t<div class=\"elementor-widget-container\">\n\t\t\t<div class=\"elementor-image-box-wrapper\"><figure class=\"elementor-image-box-img\"><img loading=\"lazy\" width=\"3008\" height=\"2000\" src=\"http:\/\/www.ff-kirchberg-am-wechsel.at\/wordpress\/wp-content\/uploads\/2019\/09\/20110507-MTF.jpg\" class=\"attachment-full size-full wp-image-1726\" alt=\"Mannschafts-Transport-Fahrzeug-Allrad (MTF-A) + L\u00f6schanh\u00e4nger (LA)\" srcset=\"http:\/\/www.ff-kirchberg-am-wechsel.at\/wordpress\/wp-content\/uploads\/2019\/09\/20110507-MTF.jpg 3008w, http:\/\/www.ff-kirchberg-am-wechsel.at\/wordpress\/wp-content\/uploads\/2019\/09\/20110507-MTF-300x199.jpg 300w, http:\/\/www.ff-kirchberg-am-wechsel.at\/wordpress\/wp-content\/uploads\/2019\/09\/20110507-MTF-768x511.jpg 768w, http:\/\/www.ff-kirchberg-am-wechsel.at\/wordpress\/wp-content\/uploads\/2019\/09\/20110507-MTF-1024x681.jpg 1024w, http:\/\/www.ff-kirchberg-am-wechsel.at\/wordpress\/wp-content\/uploads\/2019\/09\/20110507-MTF-945x628.jpg 945w, http:\/\/www.ff-kirchberg-am-wechsel.at\/wordpress\/wp-content\/uploads\/2019\/09\/20110507-MTF-600x399.jpg 600w\" sizes=\"(max-width: 3008px) 100vw, 3008px\" \/><\/figure><div class=\"elementor-image-box-content\"><p class=\"elementor-image-box-title\">Mannschafts-Transport-Fahrzeug-Allrad (MTF-A) mit L\u00f6schanh\u00e4nger (LA)<\/p><p class=\"elementor-image-box-description\">Funkrufname: Pumpe Kirchberg<br>\nTyp: Volkswagen T5<br>\nBaujahr: 2007<br>\nBesatzung: 9 Mann<br>\nLeistung: 130 PS Diesel<br>\nAntrieb: permanenter Allradantrieb<br>\nTyp: Zentralachsanh\u00e4nger, Fa. Flucher<br>\nBaujahr: 2008<br>\nGewicht: 1.600 kg<br>\nPumpe: Tragkraftspritze Magirus (TS)<br>\nLeistung TS: 1.200 l\/min<br>\nAusstattung: s\u00e4mtliche L\u00f6schutensilien<\/p><\/div><\/div>\t\t<\/div>\n\t\t\t\t<\/div>\n\t\t\t\t<div class=\"elementor-element elementor-element-00f3d2c elementor-widget elementor-widget-spacer\" data-id=\"00f3d2c\" data-element_type=\"widget\" data-widget_type=\"spacer.default\">\n\t\t\t\t<div class=\"elementor-widget-container\">\n\t\t\t\t\t<div class=\"elementor-spacer\">\n\t\t\t<div class=\"elementor-spacer-inner\"><\/div>\n\t\t<\/div>\n\t\t\t\t<\/div>\n\t\t\t\t<\/div>\n\t\t\t\t<div class=\"elementor-element elementor-element-cd73848 elementor-position-top elementor-widget elementor-widget-image-box\" data-id=\"cd73848\" data-element_type=\"widget\" data-widget_type=\"image-box.default\">\n\t\t\t\t<div class=\"elementor-widget-container\">\n\t\t\t<div class=\"elementor-image-box-wrapper\"><figure class=\"elementor-image-box-img\"><img loading=\"lazy\" width=\"800\" height=\"533\" src=\"http:\/\/www.ff-kirchberg-am-wechsel.at\/wordpress\/wp-content\/uploads\/2019\/09\/20190925-HLF2.jpg\" class=\"attachment-full size-full wp-image-1728\" alt=\"Hilfs-L\u00f6sch-Fahrzeug 2 (HLF 2)\" srcset=\"http:\/\/www.ff-kirchberg-am-wechsel.at\/wordpress\/wp-content\/uploads\/2019\/09\/20190925-HLF2.jpg 800w, http:\/\/www.ff-kirchberg-am-wechsel.at\/wordpress\/wp-content\/uploads\/2019\/09\/20190925-HLF2-300x200.jpg 300w, http:\/\/www.ff-kirchberg-am-wechsel.at\/wordpress\/wp-content\/uploads\/2019\/09\/20190925-HLF2-768x512.jpg 768w, http:\/\/www.ff-kirchberg-am-wechsel.at\/wordpress\/wp-content\/uploads\/2019\/09\/20190925-HLF2-600x400.jpg 600w\" sizes=\"(max-width: 800px) 100vw, 800px\" \/><\/figure><div class=\"elementor-image-box-content\"><p class=\"elementor-image-box-title\">Hilfs-L\u00f6sch-Fahrzeug 2 (HLF 2)<\/p><p class=\"elementor-image-box-description\">Funkrufname: HLF 2 Kirchberg<br>\nTyp: Iveco<br>\nBaujahr: 2013<br>\nBesatzung: 9 Mann<br>\nLeistung: 300 PS Diesel<br>\nGewicht: 15.000 kg<br>\nWassertank: 2.000 Liter<br>\nPumpe: Heckeinbaupumpe Ziegler<br>\nSeilwinde: 5 t Zugkraft, 90 m Seil<br>\nLichtmast: ausfahrbar, LED- und Halogen-Scheinwerfer<br>\nAusstattung: \u00dcberdruckbel\u00fcfter, Bergeger\u00e4t (zB Greifzug), 3 Atemschutzger\u00e4te, S\u00e4mtliche L\u00f6schutensilien, 2x Hochdruck-Schnellangriffseinrichtung<\/p><\/div><\/div>\t\t<\/div>\n\t\t\t\t<\/div>\n\t\t\t\t<div class=\"elementor-element elementor-element-69d439b elementor-widget elementor-widget-spacer\" data-id=\"69d439b\" data-element_type=\"widget\" data-widget_type=\"spacer.default\">\n\t\t\t\t<div class=\"elementor-widget-container\">\n\t\t\t\t\t<div class=\"elementor-spacer\">\n\t\t\t<div class=\"elementor-spacer-inner\"><\/div>\n\t\t<\/div>\n\t\t\t\t<\/div>\n\t\t\t\t<\/div>\n\t\t\t\t<div class=\"elementor-element elementor-element-a3f1dd0 elementor-position-top elementor-widget elementor-widget-image-box\" data-id=\"a3f1dd0\" data-element_type=\"widget\" data-widget_type=\"image-box.default\">\n\t\t\t\t<div class=\"elementor-widget-container\">\n\t\t\t<div class=\"elementor-image-box-wrapper\"><figure class=\"elementor-image-box-img\"><img loading=\"lazy\" width=\"3008\" height=\"2000\" src=\"http:\/\/www.ff-kirchberg-am-wechsel.at\/wordpress\/wp-content\/uploads\/2019\/09\/20110507-Last.jpg\" class=\"attachment-full size-full wp-image-1725\" alt=\"Allzweck-Fahrzeug Allrad\" srcset=\"http:\/\/www.ff-kirchberg-am-wechsel.at\/wordpress\/wp-content\/uploads\/2019\/09\/20110507-Last.jpg 3008w, http:\/\/www.ff-kirchberg-am-wechsel.at\/wordpress\/wp-content\/uploads\/2019\/09\/20110507-Last-300x199.jpg 300w, http:\/\/www.ff-kirchberg-am-wechsel.at\/wordpress\/wp-content\/uploads\/2019\/09\/20110507-Last-768x511.jpg 768w, http:\/\/www.ff-kirchberg-am-wechsel.at\/wordpress\/wp-content\/uploads\/2019\/09\/20110507-Last-1024x681.jpg 1024w, http:\/\/www.ff-kirchberg-am-wechsel.at\/wordpress\/wp-content\/uploads\/2019\/09\/20110507-Last-945x628.jpg 945w, http:\/\/www.ff-kirchberg-am-wechsel.at\/wordpress\/wp-content\/uploads\/2019\/09\/20110507-Last-600x399.jpg 600w\" sizes=\"(max-width: 3008px) 100vw, 3008px\" \/><\/figure><div class=\"elementor-image-box-content\"><p class=\"elementor-image-box-title\">Allzweck-Fahrzeug Allrad<\/p><p class=\"elementor-image-box-description\">Funkrufname: Last Kirchberg<br>\nTyp: Land Rover 109<br>\nBaujahr: 1966<br>\nBesatzung: 9 Mann<br>\nLeistung: 60 PS Benzin<br>\nAntrieb: zuschaltbarer Allradantrieb<\/p><\/div><\/div>\t\t<\/div>\n\t\t\t\t<\/div>\n\t\t\t\t\t<\/div>\n\t\t<\/div>\n\t\t\t\t\t<\/div>\n\t\t<\/section>\n\t\t\t\t<\/div>\n\t\t","protected":false},"excerpt":{"rendered":"<p>Kommando-Fahrzeug-Allrad (KDO-A) Funkrufname: Kommando Kirchberg Typ: Volkswagen T4 Baujahr: 2003 Besatzung: 8 Mann Leistung: 102 PS Diesel Antrieb: permanenter Allradantrieb Ausstattung: Einsatzleitung, Funkzentrale Klein-R\u00fcst-Fahrzeug (KRF-S) Funkrufname: Voraus Kirchberg Typ: Puch G 280 Baujahr: 1988 Besatzung: 3 Mann Leistung: 150 PS&#8230; <a class=\"more-link\" href=\"http:\/\/www.ff-kirchberg-am-wechsel.at\/wordpress\/?page_id=105\">Weiterlesen &rarr;<\/a><\/p>\n","protected":false},"author":1,"featured_media":0,"parent":0,"menu_order":0,"comment_status":"closed","ping_status":"closed","template":"","meta":[],"_links":{"self":[{"href":"http:\/\/www.ff-kirchberg-am-wechsel.at\/wordpress\/index.php?rest_route=\/wp\/v2\/pages\/105"}],"collection":[{"href":"http:\/\/www.ff-kirchberg-am-wechsel.at\/wordpress\/index.php?rest_route=\/wp\/v2\/pages"}],"about":[{"href":"http:\/\/www.ff-kirchberg-am-wechsel.at\/wordpress\/index.php?rest_route=\/wp\/v2\/types\/page"}],"author":[{"embeddable":true,"href":"http:\/\/www.ff-kirchberg-am-wechsel.at\/wordpress\/index.php?rest_route=\/wp\/v2\/users\/1"}],"replies":[{"embeddable":true,"href":"http:\/\/www.ff-kirchberg-am-wechsel.at\/wordpress\/index.php?rest_route=%2Fwp%2Fv2%2Fcomments&post=105"}],"version-history":[{"count":7,"href":"http:\/\/www.ff-kirchberg-am-wechsel.at\/wordpress\/index.php?rest_route=\/wp\/v2\/pages\/105\/revisions"}],"predecessor-version":[{"id":1999,"href":"http:\/\/www.ff-kirchberg-am-wechsel.at\/wordpress\/index.php?rest_route=\/wp\/v2\/pages\/105\/revisions\/1999"}],"wp:attachment":[{"href":"http:\/\/www.ff-kirchberg-am-wechsel.at\/wordpress\/index.php?rest_route=%2Fwp%2Fv2%2Fmedia&parent=105"}],"curies":[{"name":"wp","href":"https:\/\/api.w.org\/{rel}","templated":true}]}}